{"id":43652,"date":"2023-12-15T16:23:34","date_gmt":"2023-12-15T13:23:34","guid":{"rendered":"https:\/\/jawhartsuhail.com\/?page_id=43652"},"modified":"2023-12-15T20:24:18","modified_gmt":"2023-12-15T17:24:18","slug":"hytrate","status":"publish","type":"page","link":"https:\/\/jawhartsuhail.com\/en\/hytrate\/","title":{"rendered":"Hytrate"},"content":{"rendered":"\t\t<div data-elementor-type=\"wp-page\" data-elementor-id=\"43652\" class=\"elementor elementor-43652\">\n\t\t\t\t\t\t<section class=\"elementor-section elementor-top-section elementor-element elementor-element-931577c elementor-section-boxed elementor-section-height-default elementor-section-height-default\" data-id=\"931577c\" data-element_type=\"section\">\n\t\t\t\t\t\t<div class=\"elementor-container elementor-column-gap-default\">\n\t\t\t\t\t<div class=\"elementor-column elementor-col-100 elementor-top-column elementor-element elementor-element-f68c6cb\" data-id=\"f68c6cb\" data-element_type=\"column\">\n\t\t\t<div class=\"elementor-widget-wrap\">\n\t\t\t\t\t\t\t<\/div>\n\t\t<\/div>\n\t\t\t\t\t<\/div>\n\t\t<\/section>\n\t\t\t\t<section class=\"elementor-section elementor-top-section elementor-element elementor-element-85104fd elementor-section-boxed elementor-section-height-default elementor-section-height-default\" data-id=\"85104fd\" data-element_type=\"section\">\n\t\t\t\t\t\t<div class=\"elementor-container elementor-column-gap-default\">\n\t\t\t\t\t<div class=\"elementor-column elementor-col-100 elementor-top-column elementor-element elementor-element-1d8f53e\" data-id=\"1d8f53e\" data-element_type=\"column\">\n\t\t\t<div class=\"elementor-widget-wrap elementor-element-populated\">\n\t\t\t\t\t\t<div class=\"elementor-element elementor-element-b14d33a elementor-widget elementor-widget-gallery\" data-id=\"b14d33a\" data-element_type=\"widget\" data-settings=\"{&quot;gap&quot;:{&quot;unit&quot;:&quot;px&quot;,&quot;size&quot;:0,&quot;sizes&quot;:[]},&quot;aspect_ratio&quot;:&quot;1:1&quot;,&quot;overlay_title&quot;:&quot;title&quot;,&quot;lazyload&quot;:&quot;yes&quot;,&quot;gallery_layout&quot;:&quot;grid&quot;,&quot;columns&quot;:4,&quot;columns_tablet&quot;:2,&quot;columns_mobile&quot;:1,&quot;gap_tablet&quot;:{&quot;unit&quot;:&quot;px&quot;,&quot;size&quot;:10,&quot;sizes&quot;:[]},&quot;gap_mobile&quot;:{&quot;unit&quot;:&quot;px&quot;,&quot;size&quot;:10,&quot;sizes&quot;:[]},&quot;link_to&quot;:&quot;file&quot;,&quot;overlay_background&quot;:&quot;yes&quot;,&quot;content_hover_animation&quot;:&quot;fade-in&quot;}\" data-widget_type=\"gallery.default\">\n\t\t\t\t<div class=\"elementor-widget-container\">\n\t\t\t\t\t<div class=\"elementor-gallery__container\">\n\t\t\t\t\t\t\t<a class=\"e-gallery-item elementor-gallery-item elementor-animated-content\" href=\"https:\/\/jawhartsuhail.com\/en\/wp-content\/uploads\/2023\/12\/keskkutte-kahesusteemne-veeboiler-drazice-dzd-soojuspumbale.png\" data-elementor-open-lightbox=\"yes\" data-elementor-lightbox-slideshow=\"all-b14d33a\" data-elementor-lightbox-title=\"keskk\u00fctte-kahes\u00fcsteemne-veeboiler-dra\u017eice-dzd-soojuspumbale\" data-e-action-hash=\"#elementor-action%3Aaction%3Dlightbox%26settings%3DeyJpZCI6NDM3MjgsInVybCI6Imh0dHBzOlwvXC9qYXdoYXJ0c3VoYWlsLmNvbVwvZW5cL3dwLWNvbnRlbnRcL3VwbG9hZHNcLzIwMjNcLzEyXC9rZXNra3V0dGUta2FoZXN1c3RlZW1uZS12ZWVib2lsZXItZHJhemljZS1kemQtc29vanVzcHVtYmFsZS5wbmciLCJzbGlkZXNob3ciOiJhbGwtYjE0ZDMzYSJ9\">\n\t\t\t\t\t<div class=\"e-gallery-image elementor-gallery-item__image\" data-thumbnail=\"https:\/\/jawhartsuhail.com\/en\/wp-content\/uploads\/2023\/12\/keskkutte-kahesusteemne-veeboiler-drazice-dzd-soojuspumbale.png\" data-width=\"400\" data-height=\"600\" alt=\"\" ><\/div>\n\t\t\t\t\t\t\t\t\t\t\t<div class=\"elementor-gallery-item__overlay\"><\/div>\n\t\t\t\t\t\t\t\t\t\t\t\t\t\t\t<div class=\"elementor-gallery-item__content\">\n\t\t\t\t\t\t\t\t\t\t\t\t\t\t<div class=\"elementor-gallery-item__title\">\n\t\t\t\t\t\t\t\t\t\t\t\t\t\t\t\t\t\tkeskk\u00fctte-kahes\u00fcsteemne-veeboiler-dra\u017eice-dzd-soojuspumbale\t\t\t\t\t\t\t\t<\/div>\n\t\t\t\t\t\t\t\t\t\t\t\t<\/div>\n\t\t\t\t\t\t\t\t\t<\/a>\n\t\t\t\t\t\t\t<a class=\"e-gallery-item elementor-gallery-item elementor-animated-content\" href=\"https:\/\/jawhartsuhail.com\/en\/wp-content\/uploads\/2023\/12\/images-2.jpg\" data-elementor-open-lightbox=\"yes\" data-elementor-lightbox-slideshow=\"all-b14d33a\" data-elementor-lightbox-title=\"images\" data-e-action-hash=\"#elementor-action%3Aaction%3Dlightbox%26settings%3DeyJpZCI6NDM3MjcsInVybCI6Imh0dHBzOlwvXC9qYXdoYXJ0c3VoYWlsLmNvbVwvZW5cL3dwLWNvbnRlbnRcL3VwbG9hZHNcLzIwMjNcLzEyXC9pbWFnZXMtMi5qcGciLCJzbGlkZXNob3ciOiJhbGwtYjE0ZDMzYSJ9\">\n\t\t\t\t\t<div class=\"e-gallery-image elementor-gallery-item__image\" data-thumbnail=\"https:\/\/jawhartsuhail.com\/en\/wp-content\/uploads\/2023\/12\/images-2.jpg\" data-width=\"259\" data-height=\"194\" alt=\"\" ><\/div>\n\t\t\t\t\t\t\t\t\t\t\t<div class=\"elementor-gallery-item__overlay\"><\/div>\n\t\t\t\t\t\t\t\t\t\t\t\t\t\t\t<div class=\"elementor-gallery-item__content\">\n\t\t\t\t\t\t\t\t\t\t\t\t\t\t<div class=\"elementor-gallery-item__title\">\n\t\t\t\t\t\t\t\t\t\t\t\t\t\t\t\t\t\timages\t\t\t\t\t\t\t\t<\/div>\n\t\t\t\t\t\t\t\t\t\t\t\t<\/div>\n\t\t\t\t\t\t\t\t\t<\/a>\n\t\t\t\t\t\t\t<a class=\"e-gallery-item elementor-gallery-item elementor-animated-content\" href=\"https:\/\/jawhartsuhail.com\/en\/wp-content\/uploads\/2023\/12\/electric-gyser-500x500-1.webp\" data-elementor-open-lightbox=\"yes\" data-elementor-lightbox-slideshow=\"all-b14d33a\" data-elementor-lightbox-title=\"electric-gyser-500x500\" data-e-action-hash=\"#elementor-action%3Aaction%3Dlightbox%26settings%3DeyJpZCI6NDM3MjYsInVybCI6Imh0dHBzOlwvXC9qYXdoYXJ0c3VoYWlsLmNvbVwvZW5cL3dwLWNvbnRlbnRcL3VwbG9hZHNcLzIwMjNcLzEyXC9lbGVjdHJpYy1neXNlci01MDB4NTAwLTEud2VicCIsInNsaWRlc2hvdyI6ImFsbC1iMTRkMzNhIn0%3D\">\n\t\t\t\t\t<div class=\"e-gallery-image elementor-gallery-item__image\" data-thumbnail=\"https:\/\/jawhartsuhail.com\/en\/wp-content\/uploads\/2023\/12\/electric-gyser-500x500-1.webp\" data-width=\"500\" data-height=\"500\" alt=\"\" ><\/div>\n\t\t\t\t\t\t\t\t\t\t\t<div class=\"elementor-gallery-item__overlay\"><\/div>\n\t\t\t\t\t\t\t\t\t\t\t\t\t\t\t<div class=\"elementor-gallery-item__content\">\n\t\t\t\t\t\t\t\t\t\t\t\t\t\t<div class=\"elementor-gallery-item__title\">\n\t\t\t\t\t\t\t\t\t\t\t\t\t\t\t\t\t\telectric-gyser-500x500\t\t\t\t\t\t\t\t<\/div>\n\t\t\t\t\t\t\t\t\t\t\t\t<\/div>\n\t\t\t\t\t\t\t\t\t<\/a>\n\t\t\t\t\t<\/div>\n\t\t\t<\/div>\n\t\t\t\t<\/div>\n\t\t\t\t\t<\/div>\n\t\t<\/div>\n\t\t\t\t\t<\/div>\n\t\t<\/section>\n\t\t\t\t<\/div>\n\t\t","protected":false},"excerpt":{"rendered":"<p>keskk\u00fctte-kahes\u00fcsteemne-veeboiler-dra\u017eice-dzd-soojuspumbale images electric-gyser-500&#215;500<\/p>\n","protected":false},"author":3,"featured_media":0,"parent":0,"menu_order":0,"comment_status":"closed","ping_status":"closed","template":"","meta":{"footnotes":""},"class_list":["post-43652","page","type-page","status-publish","hentry"],"_links":{"self":[{"href":"https:\/\/jawhartsuhail.com\/en\/wp-json\/wp\/v2\/pages\/43652","targetHints":{"allow":["GET"]}}],"collection":[{"href":"https:\/\/jawhartsuhail.com\/en\/wp-json\/wp\/v2\/pages"}],"about":[{"href":"https:\/\/jawhartsuhail.com\/en\/wp-json\/wp\/v2\/types\/page"}],"author":[{"embeddable":true,"href":"https:\/\/jawhartsuhail.com\/en\/wp-json\/wp\/v2\/users\/3"}],"replies":[{"embeddable":true,"href":"https:\/\/jawhartsuhail.com\/en\/wp-json\/wp\/v2\/comments?post=43652"}],"version-history":[{"count":16,"href":"https:\/\/jawhartsuhail.com\/en\/wp-json\/wp\/v2\/pages\/43652\/revisions"}],"predecessor-version":[{"id":43794,"href":"https:\/\/jawhartsuhail.com\/en\/wp-json\/wp\/v2\/pages\/43652\/revisions\/43794"}],"wp:attachment":[{"href":"https:\/\/jawhartsuhail.com\/en\/wp-json\/wp\/v2\/media?parent=43652"}],"curies":[{"name":"wp","href":"https:\/\/api.w.org\/{rel}","templated":true}]}}